{"id":13124,"date":"2024-05-24T09:11:40","date_gmt":"2024-05-24T07:11:40","guid":{"rendered":"https:\/\/www.xn--abeula-ywa.com\/cart-2\/"},"modified":"2025-05-19T13:39:14","modified_gmt":"2025-05-19T11:39:14","slug":"cart-2","status":"publish","type":"page","link":"https:\/\/www.xn--abeula-ywa.com\/en\/cart-2\/","title":{"rendered":"Cart"},"content":{"rendered":"\n\n\n<div style=\"height:100px\" aria-hidden=\"true\" class=\"wp-block-spacer\"><\/div>\n","protected":false},"excerpt":{"rendered":"","protected":false},"author":1994,"featured_media":0,"parent":0,"menu_order":0,"comment_status":"closed","ping_status":"closed","template":"","meta":{"_et_pb_use_builder":"off","_et_pb_old_content":"","_et_gb_content_width":"","footnotes":""},"class_list":["post-13124","page","type-page","status-publish","hentry"],"yoast_head":"<!-- This site is optimized with the Yoast SEO plugin v27.0 - https:\/\/yoast.com\/product\/yoast-seo-wordpress\/ -->\n<title>Cart - AB\u00c9\u00d1ULA FROM LABORATORIOS NICOLICH<\/title>\n<meta name=\"robots\" content=\"index, follow, max-snippet:-1, max-image-preview:large, max-video-preview:-1\" \/>\n<link rel=\"canonical\" href=\"https:\/\/www.xn--abeula-ywa.com\/en\/cart-2\/\" \/>\n<meta property=\"og:locale\" content=\"en_US\" \/>\n<meta property=\"og:type\" content=\"article\" \/>\n<meta property=\"og:title\" content=\"Cart - AB\u00c9\u00d1ULA FROM LABORATORIOS NICOLICH\" \/>\n<meta property=\"og:url\" content=\"https:\/\/www.xn--abeula-ywa.com\/en\/cart-2\/\" \/>\n<meta property=\"og:site_name\" content=\"AB\u00c9\u00d1ULA FROM LABORATORIOS NICOLICH\" \/>\n<meta property=\"article:modified_time\" content=\"2025-05-19T11:39:14+00:00\" \/>\n<meta name=\"twitter:card\" content=\"summary_large_image\" \/>\n<script type=\"application\/ld+json\" class=\"yoast-schema-graph\">{\"@context\":\"https:\/\/schema.org\",\"@graph\":[{\"@type\":\"WebPage\",\"@id\":\"https:\/\/www.xn--abeula-ywa.com\/en\/cart-2\/\",\"url\":\"https:\/\/www.xn--abeula-ywa.com\/en\/cart-2\/\",\"name\":\"Cart - AB\u00c9\u00d1ULA FROM LABORATORIOS NICOLICH\",\"isPartOf\":{\"@id\":\"https:\/\/www.xn--abeula-ywa.com\/en\/#website\"},\"datePublished\":\"2024-05-24T07:11:40+00:00\",\"dateModified\":\"2025-05-19T11:39:14+00:00\",\"breadcrumb\":{\"@id\":\"https:\/\/www.xn--abeula-ywa.com\/en\/cart-2\/#breadcrumb\"},\"inLanguage\":\"en-US\",\"potentialAction\":[{\"@type\":\"ReadAction\",\"target\":[\"https:\/\/www.xn--abeula-ywa.com\/en\/cart-2\/\"]}]},{\"@type\":\"BreadcrumbList\",\"@id\":\"https:\/\/www.xn--abeula-ywa.com\/en\/cart-2\/#breadcrumb\",\"itemListElement\":[{\"@type\":\"ListItem\",\"position\":1,\"name\":\"Cover\",\"item\":\"https:\/\/www.xn--abeula-ywa.com\/en\/\"},{\"@type\":\"ListItem\",\"position\":2,\"name\":\"Cart\"}]},{\"@type\":\"WebSite\",\"@id\":\"https:\/\/www.xn--abeula-ywa.com\/en\/#website\",\"url\":\"https:\/\/www.xn--abeula-ywa.com\/en\/\",\"name\":\"AB\u00c9\u00d1ULA DE LABORATORIOS NICOLICH\",\"description\":\"Ab\u00e9\u00f1ula - life for your eyes\",\"potentialAction\":[{\"@type\":\"SearchAction\",\"target\":{\"@type\":\"EntryPoint\",\"urlTemplate\":\"https:\/\/www.xn--abeula-ywa.com\/en\/?s={search_term_string}\"},\"query-input\":{\"@type\":\"PropertyValueSpecification\",\"valueRequired\":true,\"valueName\":\"search_term_string\"}}],\"inLanguage\":\"en-US\"}]}<\/script>\n<!-- \/ Yoast SEO plugin. -->","yoast_head_json":{"title":"Cart - AB\u00c9\u00d1ULA FROM LABORATORIOS NICOLICH","robots":{"index":"index","follow":"follow","max-snippet":"max-snippet:-1","max-image-preview":"max-image-preview:large","max-video-preview":"max-video-preview:-1"},"canonical":"https:\/\/www.xn--abeula-ywa.com\/en\/cart-2\/","og_locale":"en_US","og_type":"article","og_title":"Cart - AB\u00c9\u00d1ULA FROM LABORATORIOS NICOLICH","og_url":"https:\/\/www.xn--abeula-ywa.com\/en\/cart-2\/","og_site_name":"AB\u00c9\u00d1ULA FROM LABORATORIOS NICOLICH","article_modified_time":"2025-05-19T11:39:14+00:00","twitter_card":"summary_large_image","schema":{"@context":"https:\/\/schema.org","@graph":[{"@type":"WebPage","@id":"https:\/\/www.xn--abeula-ywa.com\/en\/cart-2\/","url":"https:\/\/www.xn--abeula-ywa.com\/en\/cart-2\/","name":"Cart - AB\u00c9\u00d1ULA FROM LABORATORIOS NICOLICH","isPartOf":{"@id":"https:\/\/www.xn--abeula-ywa.com\/en\/#website"},"datePublished":"2024-05-24T07:11:40+00:00","dateModified":"2025-05-19T11:39:14+00:00","breadcrumb":{"@id":"https:\/\/www.xn--abeula-ywa.com\/en\/cart-2\/#breadcrumb"},"inLanguage":"en-US","potentialAction":[{"@type":"ReadAction","target":["https:\/\/www.xn--abeula-ywa.com\/en\/cart-2\/"]}]},{"@type":"BreadcrumbList","@id":"https:\/\/www.xn--abeula-ywa.com\/en\/cart-2\/#breadcrumb","itemListElement":[{"@type":"ListItem","position":1,"name":"Cover","item":"https:\/\/www.xn--abeula-ywa.com\/en\/"},{"@type":"ListItem","position":2,"name":"Cart"}]},{"@type":"WebSite","@id":"https:\/\/www.xn--abeula-ywa.com\/en\/#website","url":"https:\/\/www.xn--abeula-ywa.com\/en\/","name":"AB\u00c9\u00d1ULA DE LABORATORIOS NICOLICH","description":"Ab\u00e9\u00f1ula - life for your eyes","potentialAction":[{"@type":"SearchAction","target":{"@type":"EntryPoint","urlTemplate":"https:\/\/www.xn--abeula-ywa.com\/en\/?s={search_term_string}"},"query-input":{"@type":"PropertyValueSpecification","valueRequired":true,"valueName":"search_term_string"}}],"inLanguage":"en-US"}]}},"_links":{"self":[{"href":"https:\/\/www.xn--abeula-ywa.com\/en\/wp-json\/wp\/v2\/pages\/13124","targetHints":{"allow":["GET"]}}],"collection":[{"href":"https:\/\/www.xn--abeula-ywa.com\/en\/wp-json\/wp\/v2\/pages"}],"about":[{"href":"https:\/\/www.xn--abeula-ywa.com\/en\/wp-json\/wp\/v2\/types\/page"}],"author":[{"embeddable":true,"href":"https:\/\/www.xn--abeula-ywa.com\/en\/wp-json\/wp\/v2\/users\/1994"}],"replies":[{"embeddable":true,"href":"https:\/\/www.xn--abeula-ywa.com\/en\/wp-json\/wp\/v2\/comments?post=13124"}],"version-history":[{"count":1,"href":"https:\/\/www.xn--abeula-ywa.com\/en\/wp-json\/wp\/v2\/pages\/13124\/revisions"}],"predecessor-version":[{"id":15624,"href":"https:\/\/www.xn--abeula-ywa.com\/en\/wp-json\/wp\/v2\/pages\/13124\/revisions\/15624"}],"wp:attachment":[{"href":"https:\/\/www.xn--abeula-ywa.com\/en\/wp-json\/wp\/v2\/media?parent=13124"}],"curies":[{"name":"wp","href":"https:\/\/api.w.org\/{rel}","templated":true}]}}