{"id":6782,"date":"2021-01-25T17:58:46","date_gmt":"2021-01-25T17:58:46","guid":{"rendered":"https:\/\/www.xn--abeula-ywa.com\/cookie-policy\/"},"modified":"2024-05-24T10:11:23","modified_gmt":"2024-05-24T08:11:23","slug":"cookie-policy","status":"publish","type":"page","link":"https:\/\/www.xn--abeula-ywa.com\/en\/cookie-policy\/","title":{"rendered":"Cookie Policy"},"content":{"rendered":"<p><strong>INFORMATION ABOUT THE COOKIES<\/strong><br \/>\nThis privacy statement has been prepared based on provisions of multiple legislations, including Art. 13\/14 of Regulation (EU) 2016\/679 (General Data Protection Regulation). This privacy policy relates solely to this Website, if not stated otherwise within this document.<br \/>\n<strong>WHAT ARE COOKIES?<\/strong><br \/>\nCookies are small files placed on your computer or device by a website or mobile application. The cookie does contain a unique ID assigned to your device, but does not contain personal information such as your name or email address. The cookie helps to navigate from page to page on a website, to provides secure connections and to recall your preferences from a previous visit, when you return.<br \/>\nYou have the right to block and remove cookies but doing so may interfere with your browsing experience or mean that some features and services cannot be provided to you.<br \/>\n<strong>COOKIES AFFECTED BY LAW AND COOKIES NOT AFFECTED<\/strong><br \/>\nAccording to the EU, cookies that require informed consent from the user are analytical cookies, advertising and affiliation cookies, with the exception of those of a technical nature and those necessary for the operation of the website or the provision of services expressly requested by the user.<br \/>\n<strong>TYPE OF COOKIES<\/strong><br \/>\nCookies can be grouped into the following types:<br \/>\n<em>Functionality Cookies:<\/em> Functionality cookies are used to allow us to remember your preferences for helpful features, such as providing the Site in a different language.<br \/>\n<em>Social Media Cookies<\/em>: Social media cookies allow users to interact more easily with social media, such as Facebook and Instagram. We do not control social media cookies and they do not allow us to gain access to your social media accounts. Please refer to the relevant social media platform\u2019s privacy policies for information about their cookies..<br \/>\n<em>Performance Cookies:<\/em> Performance cookies are used to analyse how people use the Site and to monitor Site performance.<br \/>\nAnalysing use allows us to improve the Site by identifying popular content and monitoring helps us to spot and fix problems quickly.<br \/>\n<em>Marketing Cookies:<\/em> Targeting cookies are used to help in providing users with adverts that are relevant to them by collecting information about their browsing habits and Site usage. They can also be used to allow third parties to display relevant and personalised ads to users through their networks, to measure the effectiveness of advertising campaigns and to limit the number of times you see the same advert.<br \/>\n<em>Technical and functional cookies:<\/em> some cookies are essential for the operation of the Site. For example, cookies that allow us to identify registered users and ensure they can access the website. If you opt to disable these cookies, you may not be able to access all of the content of the website.<br \/>\nCOOKIES USED ON THIS WEBSITE<br \/>\nHere is a list of the cookies we use, along with their type, function and expiration date.<br \/>\nPHPSESSID: is used to establish a user website session and to pass status data via a temporary cookie, which is commonly referred to as a session cookie. As the PHPSESSID cookie has no timed expiry, it disappears when the user website session is closed.<br \/>\n_lang: technical cookie, strictly necessary that contains the language for the session. As the PHPSESSID cookie has no timed expiry, it disappears when the user website session is closed.<br \/>\nac_cookies: technical cookie, strictly necessary that contains the value of the acceptance of the cookies instalation. It expires after 1 year of the last update.<br \/>\n_ga: Google Universal Analytics cookie used to track unique visitors. First time the user gets on the website through a browser, this cookie will be installed. When the user comes back to the website through the same browser, the cookie will assume that it is the same user. Only in the case that the user changes browser, it will be considered as a different user. It expires after 2 years of the last update.<br \/>\n_gat: This cookie is associated with Google Analytics Universal. Manages the rate at which page view requests are made. Expires in 10 minutes.<br \/>\n_utma: Used by Google Analytics to distinguish users and sessions.. It expires after 2 years of the last update.<br \/>\n_utmb: Used by Google Analytics to track visitor behaviour and measure site performance.. Expires after 30 minutes from last update.<br \/>\n_utmc: Used by Google Analytics in conjunction with other cookies to determine new sessions. As the PHPSESSID cookie has no timed expiry, it disappears when the user website session is closed.<br \/>\n_utmt: cookie used by Google Analytics. It limits the collection of data on high traffic sites. It disappears when the user website session is closed.<br \/>\n_utmv: cookie used by Google Analytics. This cookie is used to segment demographic data. It disappears when the user website session is closed.<br \/>\n_utmz: Used by Google Analytics to identify the source of traffic to the site. Expires after 6 months from last update.<\/p>\n<p><strong>REVOCATION OF COOKIES ON EACH BROWSER<\/strong><\/p>\n<p>You can revoke the cookies you have accepted at any time by clicking this button: [cookies_revoke]<br \/>\n<strong>Chrome<\/strong><br \/>\n1. On your computer, open Chrome.<br \/>\n2. At the top right, click More.<br \/>\n3. Settings.<br \/>\n4. Under &#8216;Privacy and security&#8217;, click Cookies and other site data.<br \/>\nClick See all cookies and site data.<br \/>\n\u2022 Remove all.<br \/>\n5. Confirm by clicking Clear all.<br \/>\n6. Close and restart the browser.<br \/>\nFor more information about Chrome click here: http:\/\/support.google.com\/chrome\/answer\/95647?hl=es<\/p>\n<p><strong>Internet Explorer. Versi\u00f3n 11<\/strong><br \/>\n1. Go to &#8216;Tools&#8217; in the corner top right and click &#8216;Internet Options&#8217;<br \/>\n2. Click &#8216;Privacy&#8217; tab.<br \/>\n3. Move the slider up to the &#8216;Block all Cookies&#8217;<br \/>\n4. Go back to &#8216;Internet Options&#8217;.<br \/>\n5. Click on &#8216;General&#8217; tab.<br \/>\n6. Under &#8216;Browsing History&#8217; click on &#8216;Delete&#8217; button.<br \/>\n7. Close the browser.<br \/>\n8. Restart the browser.<br \/>\nFor more information about Internet Explorer click here:<br \/>\nhttps:\/\/support.microsoft.com\/es-es\/help\/278835\/how-to-delete-cookie-files-in-internet-explorer<\/p>\n<p><strong>Firefox. Versi\u00f3n 18<\/strong><\/p>\n<p>1. Click the menu button Fx57Menu and select Preferences.<br \/>\n2. Select the Privacy &amp; Security panel and go to the Cookies and Site Data section.<br \/>\n3. Click the Clear Data button. The Clear Data dialog will appear.<br \/>\n&#8211; Cookies and Site Data (to remove login status and site preferences) and Cached Web Content (to remove stored images, scripts and other cached content) should both be check marked.<br \/>\n4. Click Clear.<br \/>\n6. Close and restart the browser.<br \/>\nYou can accept or revoke cookies individually on the Preferences of Firefox.<br \/>\nTools &gt; Options &gt; Privacy<br \/>\nFor more information about Firefox click here: https:\/\/www.mozilla.org\/es-ES\/privacy\/websites\/#cookies<\/p>\n<p><strong>Safari Versi\u00f3n 5.1<\/strong><br \/>\nTo clear your history and cookies:<br \/>\nGo to Settings &gt; Safari, and tap Clear History and Website Data.<br \/>\nTo clear your cookies and keep your history:<br \/>\nGo to Settings &gt; Safari &gt; Advanced &gt; Website Data, then tap Remove All Website Data.<br \/>\nFor more information about Safari click here: https:\/\/www.apple.com\/legal\/privacy\/en-ww\/cookies\/<\/p>\n<p><strong>Opera<\/strong><br \/>\nSettings &#8211; Advance &#8211; Cookies<br \/>\nCookies options control the way Opera manage and its acceptance or revoque.<br \/>\nFor more information about Opera click here: https:\/\/help.opera.com\/en\/latest\/security-and-privacy\/#clearBrowsingData<br \/>\n<strong>Other browsers<\/strong><br \/>\nCheck the documentation for your installed browser.<\/p>\n","protected":false},"excerpt":{"rendered":"<p>INFORMATION ABOUT THE COOKIES This privacy statement has been prepared based on provisions of multiple legislations, including Art. 13\/14 of Regulation (EU) 2016\/679 (General Data Protection Regulation). This privacy policy relates solely to this Website, if not stated otherwise within this document. WHAT ARE COOKIES? Cookies are small files placed on your computer or device [&hellip;]<\/p>\n","protected":false},"author":1994,"featured_media":0,"parent":0,"menu_order":0,"comment_status":"closed","ping_status":"closed","template":"","meta":{"_et_pb_use_builder":"","_et_pb_old_content":"","_et_gb_content_width":"","footnotes":""},"class_list":["post-6782","page","type-page","status-publish","hentry"],"yoast_head":"<!-- This site is optimized with the Yoast SEO plugin v27.0 - https:\/\/yoast.com\/product\/yoast-seo-wordpress\/ -->\n<title>Cookie Policy - AB\u00c9\u00d1ULA FROM LABORATORIOS NICOLICH<\/title>\n<meta name=\"description\" content=\"Ab\u00e9\u00f1ula uses some cookies in this website, get to know each cookie, what we use them for and how long will they stay in your browser.\" \/>\n<meta name=\"robots\" content=\"index, follow, max-snippet:-1, max-image-preview:large, max-video-preview:-1\" \/>\n<link rel=\"canonical\" href=\"https:\/\/www.xn--abeula-ywa.com\/en\/cookie-policy\/\" \/>\n<meta property=\"og:locale\" content=\"en_US\" \/>\n<meta property=\"og:type\" content=\"article\" \/>\n<meta property=\"og:title\" content=\"Cookie Policy - AB\u00c9\u00d1ULA FROM LABORATORIOS NICOLICH\" \/>\n<meta property=\"og:description\" content=\"Ab\u00e9\u00f1ula uses some cookies in this website, get to know each cookie, what we use them for and how long will they stay in your browser.\" \/>\n<meta property=\"og:url\" content=\"https:\/\/www.xn--abeula-ywa.com\/en\/cookie-policy\/\" \/>\n<meta property=\"og:site_name\" content=\"AB\u00c9\u00d1ULA FROM LABORATORIOS NICOLICH\" \/>\n<meta property=\"article:modified_time\" content=\"2024-05-24T08:11:23+00:00\" \/>\n<meta name=\"twitter:card\" content=\"summary_large_image\" \/>\n<meta name=\"twitter:label1\" content=\"Est. reading time\" \/>\n\t<meta name=\"twitter:data1\" content=\"6 minutes\" \/>\n<script type=\"application\/ld+json\" class=\"yoast-schema-graph\">{\"@context\":\"https:\/\/schema.org\",\"@graph\":[{\"@type\":\"WebPage\",\"@id\":\"https:\/\/www.xn--abeula-ywa.com\/en\/cookie-policy\/\",\"url\":\"https:\/\/www.xn--abeula-ywa.com\/en\/cookie-policy\/\",\"name\":\"Cookie Policy - AB\u00c9\u00d1ULA FROM LABORATORIOS NICOLICH\",\"isPartOf\":{\"@id\":\"https:\/\/www.xn--abeula-ywa.com\/en\/#website\"},\"datePublished\":\"2021-01-25T17:58:46+00:00\",\"dateModified\":\"2024-05-24T08:11:23+00:00\",\"description\":\"Ab\u00e9\u00f1ula uses some cookies in this website, get to know each cookie, what we use them for and how long will they stay in your browser.\",\"breadcrumb\":{\"@id\":\"https:\/\/www.xn--abeula-ywa.com\/en\/cookie-policy\/#breadcrumb\"},\"inLanguage\":\"en-US\",\"potentialAction\":[{\"@type\":\"ReadAction\",\"target\":[\"https:\/\/www.xn--abeula-ywa.com\/en\/cookie-policy\/\"]}]},{\"@type\":\"BreadcrumbList\",\"@id\":\"https:\/\/www.xn--abeula-ywa.com\/en\/cookie-policy\/#breadcrumb\",\"itemListElement\":[{\"@type\":\"ListItem\",\"position\":1,\"name\":\"Cover\",\"item\":\"https:\/\/www.xn--abeula-ywa.com\/en\/\"},{\"@type\":\"ListItem\",\"position\":2,\"name\":\"Cookie Policy\"}]},{\"@type\":\"WebSite\",\"@id\":\"https:\/\/www.xn--abeula-ywa.com\/en\/#website\",\"url\":\"https:\/\/www.xn--abeula-ywa.com\/en\/\",\"name\":\"AB\u00c9\u00d1ULA DE LABORATORIOS NICOLICH\",\"description\":\"Ab\u00e9\u00f1ula - life for your eyes\",\"potentialAction\":[{\"@type\":\"SearchAction\",\"target\":{\"@type\":\"EntryPoint\",\"urlTemplate\":\"https:\/\/www.xn--abeula-ywa.com\/en\/?s={search_term_string}\"},\"query-input\":{\"@type\":\"PropertyValueSpecification\",\"valueRequired\":true,\"valueName\":\"search_term_string\"}}],\"inLanguage\":\"en-US\"}]}<\/script>\n<!-- \/ Yoast SEO plugin. -->","yoast_head_json":{"title":"Cookie Policy - AB\u00c9\u00d1ULA FROM LABORATORIOS NICOLICH","description":"Ab\u00e9\u00f1ula uses some cookies in this website, get to know each cookie, what we use them for and how long will they stay in your browser.","robots":{"index":"index","follow":"follow","max-snippet":"max-snippet:-1","max-image-preview":"max-image-preview:large","max-video-preview":"max-video-preview:-1"},"canonical":"https:\/\/www.xn--abeula-ywa.com\/en\/cookie-policy\/","og_locale":"en_US","og_type":"article","og_title":"Cookie Policy - AB\u00c9\u00d1ULA FROM LABORATORIOS NICOLICH","og_description":"Ab\u00e9\u00f1ula uses some cookies in this website, get to know each cookie, what we use them for and how long will they stay in your browser.","og_url":"https:\/\/www.xn--abeula-ywa.com\/en\/cookie-policy\/","og_site_name":"AB\u00c9\u00d1ULA FROM LABORATORIOS NICOLICH","article_modified_time":"2024-05-24T08:11:23+00:00","twitter_card":"summary_large_image","twitter_misc":{"Est. reading time":"6 minutes"},"schema":{"@context":"https:\/\/schema.org","@graph":[{"@type":"WebPage","@id":"https:\/\/www.xn--abeula-ywa.com\/en\/cookie-policy\/","url":"https:\/\/www.xn--abeula-ywa.com\/en\/cookie-policy\/","name":"Cookie Policy - AB\u00c9\u00d1ULA FROM LABORATORIOS NICOLICH","isPartOf":{"@id":"https:\/\/www.xn--abeula-ywa.com\/en\/#website"},"datePublished":"2021-01-25T17:58:46+00:00","dateModified":"2024-05-24T08:11:23+00:00","description":"Ab\u00e9\u00f1ula uses some cookies in this website, get to know each cookie, what we use them for and how long will they stay in your browser.","breadcrumb":{"@id":"https:\/\/www.xn--abeula-ywa.com\/en\/cookie-policy\/#breadcrumb"},"inLanguage":"en-US","potentialAction":[{"@type":"ReadAction","target":["https:\/\/www.xn--abeula-ywa.com\/en\/cookie-policy\/"]}]},{"@type":"BreadcrumbList","@id":"https:\/\/www.xn--abeula-ywa.com\/en\/cookie-policy\/#breadcrumb","itemListElement":[{"@type":"ListItem","position":1,"name":"Cover","item":"https:\/\/www.xn--abeula-ywa.com\/en\/"},{"@type":"ListItem","position":2,"name":"Cookie Policy"}]},{"@type":"WebSite","@id":"https:\/\/www.xn--abeula-ywa.com\/en\/#website","url":"https:\/\/www.xn--abeula-ywa.com\/en\/","name":"AB\u00c9\u00d1ULA DE LABORATORIOS NICOLICH","description":"Ab\u00e9\u00f1ula - life for your eyes","potentialAction":[{"@type":"SearchAction","target":{"@type":"EntryPoint","urlTemplate":"https:\/\/www.xn--abeula-ywa.com\/en\/?s={search_term_string}"},"query-input":{"@type":"PropertyValueSpecification","valueRequired":true,"valueName":"search_term_string"}}],"inLanguage":"en-US"}]}},"_links":{"self":[{"href":"https:\/\/www.xn--abeula-ywa.com\/en\/wp-json\/wp\/v2\/pages\/6782","targetHints":{"allow":["GET"]}}],"collection":[{"href":"https:\/\/www.xn--abeula-ywa.com\/en\/wp-json\/wp\/v2\/pages"}],"about":[{"href":"https:\/\/www.xn--abeula-ywa.com\/en\/wp-json\/wp\/v2\/types\/page"}],"author":[{"embeddable":true,"href":"https:\/\/www.xn--abeula-ywa.com\/en\/wp-json\/wp\/v2\/users\/1994"}],"replies":[{"embeddable":true,"href":"https:\/\/www.xn--abeula-ywa.com\/en\/wp-json\/wp\/v2\/comments?post=6782"}],"version-history":[{"count":0,"href":"https:\/\/www.xn--abeula-ywa.com\/en\/wp-json\/wp\/v2\/pages\/6782\/revisions"}],"wp:attachment":[{"href":"https:\/\/www.xn--abeula-ywa.com\/en\/wp-json\/wp\/v2\/media?parent=6782"}],"curies":[{"name":"wp","href":"https:\/\/api.w.org\/{rel}","templated":true}]}}