{"id":6559,"date":"2020-08-27T14:46:52","date_gmt":"2020-12-24T08:27:35","guid":{"rendered":"https:\/\/www.xn--abeula-ywa.com\/producto\/facial-sunscreen-spf-50-2\/"},"modified":"2026-04-27T14:26:01","modified_gmt":"2026-04-27T12:26:01","slug":"facial-sunscreen-spf-50-2","status":"publish","type":"product","link":"https:\/\/www.xn--abeula-ywa.com\/en\/product\/facial-sunscreen-spf-50-2\/","title":{"rendered":"Solar facial cream SPF50+"},"content":{"rendered":"<h3>INFORMATION<\/h3>\n<p><strong>Ab\u00e9\u00f1ula facial sunscreen SPF 50 will keep your skin hydrated and protected from the sun all year long.<\/strong><\/p>\n<p>Suitable for sensitive skin (face, neck, neckline, scalp, ears, nose&#8230;), this sunscreen is for <strong>everyday use<\/strong>, and it will keep your skin moisturized without leaving residues, thanks to its non grease light texture. At the same time, thanks to its <strong>broad-spectrum<\/strong> (SPF 50) our sunscreen will protect you from UVA and UVB rays during summer and winter.<\/p>\n<p>Ab\u00e9\u00f1ula <strong>facial Sunscreen SPF 50<\/strong> can be used by <strong>men and women<\/strong>. We recommend you use it before your makeup, as the first layer of your skin foundation, or after the shaving, before going outdoors. Specially recommended for practicing mountain sports, if you work outdoors or for going to the beach. Protects the skin from solar burns, helps against skin irregularities and aging, preventing skins spots and wrinkles caused by sun exposure.<\/p>\n","protected":false},"excerpt":{"rendered":"<p>Ab\u00e9\u00f1ula facial sunscreen SPF 50 for suitable for sensitive skin is a suncreen for everyday use. Suitable for men or women with all types of skins. It is quickly absorbed giving a soft touch to your skin, providing a high protection from the UVB and UVA rays during summer and winter.<\/p>\n","protected":false},"featured_media":14765,"comment_status":"open","ping_status":"closed","template":"","meta":{"_et_pb_use_builder":"","_et_pb_old_content":"","_et_gb_content_width":""},"product_brand":[],"product_cat":[316],"product_tag":[261,281,282,273,293,274,288,283],"class_list":{"0":"post-6559","1":"product","2":"type-product","3":"status-publish","4":"has-post-thumbnail","6":"product_cat-skincare","7":"product_tag-50ml-en","8":"product_tag-broad-spectrum-50","9":"product_tag-broad-spectrum-spf-50","10":"product_tag-facial-sunscreen","11":"product_tag-facial-sunscreen-en","12":"product_tag-facial-sunscreen-abenula","13":"product_tag-no-color","14":"product_tag-sunscreen","16":"first","17":"instock","18":"taxable","19":"shipping-taxable","20":"purchasable","21":"product-type-variable"},"yoast_head":"<!-- This site is optimized with the Yoast SEO plugin v27.0 - https:\/\/yoast.com\/product\/yoast-seo-wordpress\/ -->\n<title>Solar facial cream SPF50+ - AB\u00c9\u00d1ULA FROM LABORATORIOS NICOLICH<\/title>\n<meta name=\"description\" content=\"Ab\u00e9\u00f1ula facial sunscreen SPF 50 for suitable for sensitive skin is a suncreen for everyday use. It will keep your skin moisturized without leaving white residues.\" \/>\n<meta name=\"robots\" content=\"index, follow, max-snippet:-1, max-image-preview:large, max-video-preview:-1\" \/>\n<link rel=\"canonical\" href=\"https:\/\/www.xn--abeula-ywa.com\/en\/product\/facial-sunscreen-spf-50-2\/\" \/>\n<meta property=\"og:locale\" content=\"en_US\" \/>\n<meta property=\"og:type\" content=\"article\" \/>\n<meta property=\"og:title\" content=\"Solar facial cream SPF50+ - AB\u00c9\u00d1ULA FROM LABORATORIOS NICOLICH\" \/>\n<meta property=\"og:description\" content=\"Ab\u00e9\u00f1ula facial sunscreen SPF 50 for suitable for sensitive skin is a suncreen for everyday use. It will keep your skin moisturized without leaving white residues.\" \/>\n<meta property=\"og:url\" content=\"https:\/\/www.xn--abeula-ywa.com\/en\/product\/facial-sunscreen-spf-50-2\/\" \/>\n<meta property=\"og:site_name\" content=\"AB\u00c9\u00d1ULA FROM LABORATORIOS NICOLICH\" \/>\n<meta property=\"article:modified_time\" content=\"2026-04-27T12:26:01+00:00\" \/>\n<meta property=\"og:image\" content=\"https:\/\/www.xn--abeula-ywa.com\/wp-content\/uploads\/2020\/08\/abenula-facial.webp\" \/>\n\t<meta property=\"og:image:width\" content=\"580\" \/>\n\t<meta property=\"og:image:height\" content=\"620\" \/>\n\t<meta property=\"og:image:type\" content=\"image\/webp\" \/>\n<meta name=\"twitter:card\" content=\"summary_large_image\" \/>\n<meta name=\"twitter:label1\" content=\"Est. reading time\" \/>\n\t<meta name=\"twitter:data1\" content=\"1 minute\" \/>\n<script type=\"application\/ld+json\" class=\"yoast-schema-graph\">{\"@context\":\"https:\/\/schema.org\",\"@graph\":[{\"@type\":\"WebPage\",\"@id\":\"https:\/\/www.xn--abeula-ywa.com\/en\/product\/facial-sunscreen-spf-50-2\/\",\"url\":\"https:\/\/www.xn--abeula-ywa.com\/en\/product\/facial-sunscreen-spf-50-2\/\",\"name\":\"Solar facial cream SPF50+ - AB\u00c9\u00d1ULA FROM LABORATORIOS NICOLICH\",\"isPartOf\":{\"@id\":\"https:\/\/www.xn--abeula-ywa.com\/en\/#website\"},\"primaryImageOfPage\":{\"@id\":\"https:\/\/www.xn--abeula-ywa.com\/en\/product\/facial-sunscreen-spf-50-2\/#primaryimage\"},\"image\":{\"@id\":\"https:\/\/www.xn--abeula-ywa.com\/en\/product\/facial-sunscreen-spf-50-2\/#primaryimage\"},\"thumbnailUrl\":\"https:\/\/www.xn--abeula-ywa.com\/wp-content\/uploads\/2020\/08\/Crema-solar.jpg\",\"datePublished\":\"2020-12-24T08:27:35+00:00\",\"dateModified\":\"2026-04-27T12:26:01+00:00\",\"description\":\"Ab\u00e9\u00f1ula facial sunscreen SPF 50 for suitable for sensitive skin is a suncreen for everyday use. It will keep your skin moisturized without leaving white residues.\",\"breadcrumb\":{\"@id\":\"https:\/\/www.xn--abeula-ywa.com\/en\/product\/facial-sunscreen-spf-50-2\/#breadcrumb\"},\"inLanguage\":\"en-US\",\"potentialAction\":[{\"@type\":\"ReadAction\",\"target\":[\"https:\/\/www.xn--abeula-ywa.com\/en\/product\/facial-sunscreen-spf-50-2\/\"]}]},{\"@type\":\"ImageObject\",\"inLanguage\":\"en-US\",\"@id\":\"https:\/\/www.xn--abeula-ywa.com\/en\/product\/facial-sunscreen-spf-50-2\/#primaryimage\",\"url\":\"https:\/\/www.xn--abeula-ywa.com\/wp-content\/uploads\/2020\/08\/Crema-solar.jpg\",\"contentUrl\":\"https:\/\/www.xn--abeula-ywa.com\/wp-content\/uploads\/2020\/08\/Crema-solar.jpg\",\"width\":580,\"height\":620,\"caption\":\"Crema solar\"},{\"@type\":\"BreadcrumbList\",\"@id\":\"https:\/\/www.xn--abeula-ywa.com\/en\/product\/facial-sunscreen-spf-50-2\/#breadcrumb\",\"itemListElement\":[{\"@type\":\"ListItem\",\"position\":1,\"name\":\"Cover\",\"item\":\"https:\/\/www.xn--abeula-ywa.com\/en\/\"},{\"@type\":\"ListItem\",\"position\":2,\"name\":\"Shop\",\"item\":\"https:\/\/www.xn--abeula-ywa.com\/en\/shop\/\"},{\"@type\":\"ListItem\",\"position\":3,\"name\":\"Solar facial cream SPF50+\"}]},{\"@type\":\"WebSite\",\"@id\":\"https:\/\/www.xn--abeula-ywa.com\/en\/#website\",\"url\":\"https:\/\/www.xn--abeula-ywa.com\/en\/\",\"name\":\"AB\u00c9\u00d1ULA DE LABORATORIOS NICOLICH\",\"description\":\"Ab\u00e9\u00f1ula - life for your eyes\",\"potentialAction\":[{\"@type\":\"SearchAction\",\"target\":{\"@type\":\"EntryPoint\",\"urlTemplate\":\"https:\/\/www.xn--abeula-ywa.com\/en\/?s={search_term_string}\"},\"query-input\":{\"@type\":\"PropertyValueSpecification\",\"valueRequired\":true,\"valueName\":\"search_term_string\"}}],\"inLanguage\":\"en-US\"}]}<\/script>\n<!-- \/ Yoast SEO plugin. -->","yoast_head_json":{"title":"Solar facial cream SPF50+ - AB\u00c9\u00d1ULA FROM LABORATORIOS NICOLICH","description":"Ab\u00e9\u00f1ula facial sunscreen SPF 50 for suitable for sensitive skin is a suncreen for everyday use. It will keep your skin moisturized without leaving white residues.","robots":{"index":"index","follow":"follow","max-snippet":"max-snippet:-1","max-image-preview":"max-image-preview:large","max-video-preview":"max-video-preview:-1"},"canonical":"https:\/\/www.xn--abeula-ywa.com\/en\/product\/facial-sunscreen-spf-50-2\/","og_locale":"en_US","og_type":"article","og_title":"Solar facial cream SPF50+ - AB\u00c9\u00d1ULA FROM LABORATORIOS NICOLICH","og_description":"Ab\u00e9\u00f1ula facial sunscreen SPF 50 for suitable for sensitive skin is a suncreen for everyday use. It will keep your skin moisturized without leaving white residues.","og_url":"https:\/\/www.xn--abeula-ywa.com\/en\/product\/facial-sunscreen-spf-50-2\/","og_site_name":"AB\u00c9\u00d1ULA FROM LABORATORIOS NICOLICH","article_modified_time":"2026-04-27T12:26:01+00:00","og_image":[{"width":580,"height":620,"url":"https:\/\/www.xn--abeula-ywa.com\/wp-content\/uploads\/2020\/08\/abenula-facial.webp","type":"image\/webp"}],"twitter_card":"summary_large_image","twitter_misc":{"Est. reading time":"1 minute"},"schema":{"@context":"https:\/\/schema.org","@graph":[{"@type":"WebPage","@id":"https:\/\/www.xn--abeula-ywa.com\/en\/product\/facial-sunscreen-spf-50-2\/","url":"https:\/\/www.xn--abeula-ywa.com\/en\/product\/facial-sunscreen-spf-50-2\/","name":"Solar facial cream SPF50+ - AB\u00c9\u00d1ULA FROM LABORATORIOS NICOLICH","isPartOf":{"@id":"https:\/\/www.xn--abeula-ywa.com\/en\/#website"},"primaryImageOfPage":{"@id":"https:\/\/www.xn--abeula-ywa.com\/en\/product\/facial-sunscreen-spf-50-2\/#primaryimage"},"image":{"@id":"https:\/\/www.xn--abeula-ywa.com\/en\/product\/facial-sunscreen-spf-50-2\/#primaryimage"},"thumbnailUrl":"https:\/\/www.xn--abeula-ywa.com\/wp-content\/uploads\/2020\/08\/Crema-solar.jpg","datePublished":"2020-12-24T08:27:35+00:00","dateModified":"2026-04-27T12:26:01+00:00","description":"Ab\u00e9\u00f1ula facial sunscreen SPF 50 for suitable for sensitive skin is a suncreen for everyday use. It will keep your skin moisturized without leaving white residues.","breadcrumb":{"@id":"https:\/\/www.xn--abeula-ywa.com\/en\/product\/facial-sunscreen-spf-50-2\/#breadcrumb"},"inLanguage":"en-US","potentialAction":[{"@type":"ReadAction","target":["https:\/\/www.xn--abeula-ywa.com\/en\/product\/facial-sunscreen-spf-50-2\/"]}]},{"@type":"ImageObject","inLanguage":"en-US","@id":"https:\/\/www.xn--abeula-ywa.com\/en\/product\/facial-sunscreen-spf-50-2\/#primaryimage","url":"https:\/\/www.xn--abeula-ywa.com\/wp-content\/uploads\/2020\/08\/Crema-solar.jpg","contentUrl":"https:\/\/www.xn--abeula-ywa.com\/wp-content\/uploads\/2020\/08\/Crema-solar.jpg","width":580,"height":620,"caption":"Crema solar"},{"@type":"BreadcrumbList","@id":"https:\/\/www.xn--abeula-ywa.com\/en\/product\/facial-sunscreen-spf-50-2\/#breadcrumb","itemListElement":[{"@type":"ListItem","position":1,"name":"Cover","item":"https:\/\/www.xn--abeula-ywa.com\/en\/"},{"@type":"ListItem","position":2,"name":"Shop","item":"https:\/\/www.xn--abeula-ywa.com\/en\/shop\/"},{"@type":"ListItem","position":3,"name":"Solar facial cream SPF50+"}]},{"@type":"WebSite","@id":"https:\/\/www.xn--abeula-ywa.com\/en\/#website","url":"https:\/\/www.xn--abeula-ywa.com\/en\/","name":"AB\u00c9\u00d1ULA DE LABORATORIOS NICOLICH","description":"Ab\u00e9\u00f1ula - life for your eyes","potentialAction":[{"@type":"SearchAction","target":{"@type":"EntryPoint","urlTemplate":"https:\/\/www.xn--abeula-ywa.com\/en\/?s={search_term_string}"},"query-input":{"@type":"PropertyValueSpecification","valueRequired":true,"valueName":"search_term_string"}}],"inLanguage":"en-US"}]}},"_links":{"self":[{"href":"https:\/\/www.xn--abeula-ywa.com\/en\/wp-json\/wp\/v2\/product\/6559","targetHints":{"allow":["GET"]}}],"collection":[{"href":"https:\/\/www.xn--abeula-ywa.com\/en\/wp-json\/wp\/v2\/product"}],"about":[{"href":"https:\/\/www.xn--abeula-ywa.com\/en\/wp-json\/wp\/v2\/types\/product"}],"replies":[{"embeddable":true,"href":"https:\/\/www.xn--abeula-ywa.com\/en\/wp-json\/wp\/v2\/comments?post=6559"}],"wp:featuredmedia":[{"embeddable":true,"href":"https:\/\/www.xn--abeula-ywa.com\/en\/wp-json\/wp\/v2\/media\/14765"}],"wp:attachment":[{"href":"https:\/\/www.xn--abeula-ywa.com\/en\/wp-json\/wp\/v2\/media?parent=6559"}],"wp:term":[{"taxonomy":"product_brand","embeddable":true,"href":"https:\/\/www.xn--abeula-ywa.com\/en\/wp-json\/wp\/v2\/product_brand?post=6559"},{"taxonomy":"product_cat","embeddable":true,"href":"https:\/\/www.xn--abeula-ywa.com\/en\/wp-json\/wp\/v2\/product_cat?post=6559"},{"taxonomy":"product_tag","embeddable":true,"href":"https:\/\/www.xn--abeula-ywa.com\/en\/wp-json\/wp\/v2\/product_tag?post=6559"}],"curies":[{"name":"wp","href":"https:\/\/api.w.org\/{rel}","templated":true}]}}