{"id":6563,"date":"2023-08-27T14:46:52","date_gmt":"2020-12-27T08:49:15","guid":{"rendered":"https:\/\/www.xn--abeula-ywa.com\/producto\/relax-abenula\/"},"modified":"2026-04-27T14:25:43","modified_gmt":"2026-04-27T12:25:43","slug":"relax-abenula","status":"publish","type":"product","link":"https:\/\/www.xn--abeula-ywa.com\/en\/product\/relax-abenula\/","title":{"rendered":"Ab\u00e9\u00f1ula Relax for Eye Contour 4,5g"},"content":{"rendered":"<p>When applied, it provides a refreshing and moisturizing sensation, which contributes to the rest of the skin in the area. This product is recommended for people who spend long hours in front of the computer, work in places with poor lighting, take long car trips, are swimmers or have sensitive eyes. Ab\u00e9\u00f1ula Descanso is the ideal solution to take care of your eyes and maintain a healthy and rested skin.<\/p>\n","protected":false},"excerpt":{"rendered":"<p>Ab\u00e9\u00f1ula Descanso is a product designed to provide firmness and elasticity to the skin around the eyes. Its formula is specially developed to promote tear secretion and relieve eye irritation.<\/p>\n","protected":false},"featured_media":13449,"comment_status":"open","ping_status":"closed","template":"","meta":{"_et_pb_use_builder":"on","_et_pb_old_content":"When applied, it provides a refreshing and moisturizing sensation, which contributes to the rest of the skin in the area. This product is recommended for people who spend long hours in front of the computer, work in places with poor lighting, take long car trips, are swimmers or have sensitive eyes. Ab\u00e9\u00f1ula Descanso is the ideal solution to take care of your eyes and maintain a healthy and rested skin.","_et_gb_content_width":""},"product_brand":[],"product_cat":[251,250,249,317],"product_tag":[258,262,264,290,295,285,280,279,287,291],"class_list":{"0":"post-6563","1":"product","2":"type-product","3":"status-publish","4":"has-post-thumbnail","6":"product_cat-abenula-en","7":"product_cat-eyes","8":"product_cat-men","9":"product_cat-relax","10":"product_tag-4-5gr-en","11":"product_tag-abenula-en","12":"product_tag-abenula-relax","13":"product_tag-big","14":"product_tag-eyelashes-care","15":"product_tag-eyelashes-treatment","16":"product_tag-healthy-eyelashes","17":"product_tag-long-eyelashes","18":"product_tag-men","19":"product_tag-relax","21":"first","22":"instock","23":"taxable","24":"shipping-taxable","25":"purchasable","26":"product-type-simple"},"yoast_head":"<!-- This site is optimized with the Yoast SEO plugin v27.0 - https:\/\/yoast.com\/product\/yoast-seo-wordpress\/ -->\n<title>Ab\u00e9\u00f1ula Relax for Eye Contour 4,5g - AB\u00c9\u00d1ULA FROM LABORATORIOS NICOLICH<\/title>\n<meta name=\"description\" content=\"Relax Ab\u00e9\u00f1ula is a product that gives firmness and elasticity to the skin around your eyes. Keeps your eyelashes healthy, making them stronger.\" \/>\n<meta name=\"robots\" content=\"index, follow, max-snippet:-1, max-image-preview:large, max-video-preview:-1\" \/>\n<link rel=\"canonical\" href=\"https:\/\/www.xn--abeula-ywa.com\/en\/product\/relax-abenula\/\" \/>\n<meta property=\"og:locale\" content=\"en_US\" \/>\n<meta property=\"og:type\" content=\"article\" \/>\n<meta property=\"og:title\" content=\"Ab\u00e9\u00f1ula Relax for Eye Contour 4,5g - AB\u00c9\u00d1ULA FROM LABORATORIOS NICOLICH\" \/>\n<meta property=\"og:description\" content=\"Relax Ab\u00e9\u00f1ula is a product that gives firmness and elasticity to the skin around your eyes. Keeps your eyelashes healthy, making them stronger.\" \/>\n<meta property=\"og:url\" content=\"https:\/\/www.xn--abeula-ywa.com\/en\/product\/relax-abenula\/\" \/>\n<meta property=\"og:site_name\" content=\"AB\u00c9\u00d1ULA FROM LABORATORIOS NICOLICH\" \/>\n<meta property=\"article:modified_time\" content=\"2026-04-27T12:25:43+00:00\" \/>\n<meta property=\"og:image\" content=\"https:\/\/www.xn--abeula-ywa.com\/wp-content\/uploads\/2020\/08\/ABENULA-DESCANSO.webp\" \/>\n\t<meta property=\"og:image:width\" content=\"580\" \/>\n\t<meta property=\"og:image:height\" content=\"620\" \/>\n\t<meta property=\"og:image:type\" content=\"image\/webp\" \/>\n<meta name=\"twitter:card\" content=\"summary_large_image\" \/>\n<meta name=\"twitter:label1\" content=\"Est. reading time\" \/>\n\t<meta name=\"twitter:data1\" content=\"2 minutes\" \/>\n<script type=\"application\/ld+json\" class=\"yoast-schema-graph\">{\"@context\":\"https:\/\/schema.org\",\"@graph\":[{\"@type\":\"WebPage\",\"@id\":\"https:\/\/www.xn--abeula-ywa.com\/en\/product\/relax-abenula\/\",\"url\":\"https:\/\/www.xn--abeula-ywa.com\/en\/product\/relax-abenula\/\",\"name\":\"Ab\u00e9\u00f1ula Relax for Eye Contour 4,5g - AB\u00c9\u00d1ULA FROM LABORATORIOS NICOLICH\",\"isPartOf\":{\"@id\":\"https:\/\/www.xn--abeula-ywa.com\/en\/#website\"},\"primaryImageOfPage\":{\"@id\":\"https:\/\/www.xn--abeula-ywa.com\/en\/product\/relax-abenula\/#primaryimage\"},\"image\":{\"@id\":\"https:\/\/www.xn--abeula-ywa.com\/en\/product\/relax-abenula\/#primaryimage\"},\"thumbnailUrl\":\"https:\/\/www.xn--abeula-ywa.com\/wp-content\/uploads\/2023\/08\/Abenula-Descanso.png\",\"datePublished\":\"2020-12-27T08:49:15+00:00\",\"dateModified\":\"2026-04-27T12:25:43+00:00\",\"description\":\"Relax Ab\u00e9\u00f1ula is a product that gives firmness and elasticity to the skin around your eyes. Keeps your eyelashes healthy, making them stronger.\",\"breadcrumb\":{\"@id\":\"https:\/\/www.xn--abeula-ywa.com\/en\/product\/relax-abenula\/#breadcrumb\"},\"inLanguage\":\"en-US\",\"potentialAction\":[{\"@type\":\"ReadAction\",\"target\":[\"https:\/\/www.xn--abeula-ywa.com\/en\/product\/relax-abenula\/\"]}]},{\"@type\":\"ImageObject\",\"inLanguage\":\"en-US\",\"@id\":\"https:\/\/www.xn--abeula-ywa.com\/en\/product\/relax-abenula\/#primaryimage\",\"url\":\"https:\/\/www.xn--abeula-ywa.com\/wp-content\/uploads\/2023\/08\/Abenula-Descanso.png\",\"contentUrl\":\"https:\/\/www.xn--abeula-ywa.com\/wp-content\/uploads\/2023\/08\/Abenula-Descanso.png\",\"width\":580,\"height\":620},{\"@type\":\"BreadcrumbList\",\"@id\":\"https:\/\/www.xn--abeula-ywa.com\/en\/product\/relax-abenula\/#breadcrumb\",\"itemListElement\":[{\"@type\":\"ListItem\",\"position\":1,\"name\":\"Cover\",\"item\":\"https:\/\/www.xn--abeula-ywa.com\/en\/\"},{\"@type\":\"ListItem\",\"position\":2,\"name\":\"Shop\",\"item\":\"https:\/\/www.xn--abeula-ywa.com\/en\/shop\/\"},{\"@type\":\"ListItem\",\"position\":3,\"name\":\"Ab\u00e9\u00f1ula Relax for Eye Contour 4,5g\"}]},{\"@type\":\"WebSite\",\"@id\":\"https:\/\/www.xn--abeula-ywa.com\/en\/#website\",\"url\":\"https:\/\/www.xn--abeula-ywa.com\/en\/\",\"name\":\"AB\u00c9\u00d1ULA DE LABORATORIOS NICOLICH\",\"description\":\"Ab\u00e9\u00f1ula - life for your eyes\",\"potentialAction\":[{\"@type\":\"SearchAction\",\"target\":{\"@type\":\"EntryPoint\",\"urlTemplate\":\"https:\/\/www.xn--abeula-ywa.com\/en\/?s={search_term_string}\"},\"query-input\":{\"@type\":\"PropertyValueSpecification\",\"valueRequired\":true,\"valueName\":\"search_term_string\"}}],\"inLanguage\":\"en-US\"}]}<\/script>\n<!-- \/ Yoast SEO plugin. -->","yoast_head_json":{"title":"Ab\u00e9\u00f1ula Relax for Eye Contour 4,5g - AB\u00c9\u00d1ULA FROM LABORATORIOS NICOLICH","description":"Relax Ab\u00e9\u00f1ula is a product that gives firmness and elasticity to the skin around your eyes. Keeps your eyelashes healthy, making them stronger.","robots":{"index":"index","follow":"follow","max-snippet":"max-snippet:-1","max-image-preview":"max-image-preview:large","max-video-preview":"max-video-preview:-1"},"canonical":"https:\/\/www.xn--abeula-ywa.com\/en\/product\/relax-abenula\/","og_locale":"en_US","og_type":"article","og_title":"Ab\u00e9\u00f1ula Relax for Eye Contour 4,5g - AB\u00c9\u00d1ULA FROM LABORATORIOS NICOLICH","og_description":"Relax Ab\u00e9\u00f1ula is a product that gives firmness and elasticity to the skin around your eyes. Keeps your eyelashes healthy, making them stronger.","og_url":"https:\/\/www.xn--abeula-ywa.com\/en\/product\/relax-abenula\/","og_site_name":"AB\u00c9\u00d1ULA FROM LABORATORIOS NICOLICH","article_modified_time":"2026-04-27T12:25:43+00:00","og_image":[{"width":580,"height":620,"url":"https:\/\/www.xn--abeula-ywa.com\/wp-content\/uploads\/2020\/08\/ABENULA-DESCANSO.webp","type":"image\/webp"}],"twitter_card":"summary_large_image","twitter_misc":{"Est. reading time":"2 minutes"},"schema":{"@context":"https:\/\/schema.org","@graph":[{"@type":"WebPage","@id":"https:\/\/www.xn--abeula-ywa.com\/en\/product\/relax-abenula\/","url":"https:\/\/www.xn--abeula-ywa.com\/en\/product\/relax-abenula\/","name":"Ab\u00e9\u00f1ula Relax for Eye Contour 4,5g - AB\u00c9\u00d1ULA FROM LABORATORIOS NICOLICH","isPartOf":{"@id":"https:\/\/www.xn--abeula-ywa.com\/en\/#website"},"primaryImageOfPage":{"@id":"https:\/\/www.xn--abeula-ywa.com\/en\/product\/relax-abenula\/#primaryimage"},"image":{"@id":"https:\/\/www.xn--abeula-ywa.com\/en\/product\/relax-abenula\/#primaryimage"},"thumbnailUrl":"https:\/\/www.xn--abeula-ywa.com\/wp-content\/uploads\/2023\/08\/Abenula-Descanso.png","datePublished":"2020-12-27T08:49:15+00:00","dateModified":"2026-04-27T12:25:43+00:00","description":"Relax Ab\u00e9\u00f1ula is a product that gives firmness and elasticity to the skin around your eyes. Keeps your eyelashes healthy, making them stronger.","breadcrumb":{"@id":"https:\/\/www.xn--abeula-ywa.com\/en\/product\/relax-abenula\/#breadcrumb"},"inLanguage":"en-US","potentialAction":[{"@type":"ReadAction","target":["https:\/\/www.xn--abeula-ywa.com\/en\/product\/relax-abenula\/"]}]},{"@type":"ImageObject","inLanguage":"en-US","@id":"https:\/\/www.xn--abeula-ywa.com\/en\/product\/relax-abenula\/#primaryimage","url":"https:\/\/www.xn--abeula-ywa.com\/wp-content\/uploads\/2023\/08\/Abenula-Descanso.png","contentUrl":"https:\/\/www.xn--abeula-ywa.com\/wp-content\/uploads\/2023\/08\/Abenula-Descanso.png","width":580,"height":620},{"@type":"BreadcrumbList","@id":"https:\/\/www.xn--abeula-ywa.com\/en\/product\/relax-abenula\/#breadcrumb","itemListElement":[{"@type":"ListItem","position":1,"name":"Cover","item":"https:\/\/www.xn--abeula-ywa.com\/en\/"},{"@type":"ListItem","position":2,"name":"Shop","item":"https:\/\/www.xn--abeula-ywa.com\/en\/shop\/"},{"@type":"ListItem","position":3,"name":"Ab\u00e9\u00f1ula Relax for Eye Contour 4,5g"}]},{"@type":"WebSite","@id":"https:\/\/www.xn--abeula-ywa.com\/en\/#website","url":"https:\/\/www.xn--abeula-ywa.com\/en\/","name":"AB\u00c9\u00d1ULA DE LABORATORIOS NICOLICH","description":"Ab\u00e9\u00f1ula - life for your eyes","potentialAction":[{"@type":"SearchAction","target":{"@type":"EntryPoint","urlTemplate":"https:\/\/www.xn--abeula-ywa.com\/en\/?s={search_term_string}"},"query-input":{"@type":"PropertyValueSpecification","valueRequired":true,"valueName":"search_term_string"}}],"inLanguage":"en-US"}]}},"_links":{"self":[{"href":"https:\/\/www.xn--abeula-ywa.com\/en\/wp-json\/wp\/v2\/product\/6563","targetHints":{"allow":["GET"]}}],"collection":[{"href":"https:\/\/www.xn--abeula-ywa.com\/en\/wp-json\/wp\/v2\/product"}],"about":[{"href":"https:\/\/www.xn--abeula-ywa.com\/en\/wp-json\/wp\/v2\/types\/product"}],"replies":[{"embeddable":true,"href":"https:\/\/www.xn--abeula-ywa.com\/en\/wp-json\/wp\/v2\/comments?post=6563"}],"wp:featuredmedia":[{"embeddable":true,"href":"https:\/\/www.xn--abeula-ywa.com\/en\/wp-json\/wp\/v2\/media\/13449"}],"wp:attachment":[{"href":"https:\/\/www.xn--abeula-ywa.com\/en\/wp-json\/wp\/v2\/media?parent=6563"}],"wp:term":[{"taxonomy":"product_brand","embeddable":true,"href":"https:\/\/www.xn--abeula-ywa.com\/en\/wp-json\/wp\/v2\/product_brand?post=6563"},{"taxonomy":"product_cat","embeddable":true,"href":"https:\/\/www.xn--abeula-ywa.com\/en\/wp-json\/wp\/v2\/product_cat?post=6563"},{"taxonomy":"product_tag","embeddable":true,"href":"https:\/\/www.xn--abeula-ywa.com\/en\/wp-json\/wp\/v2\/product_tag?post=6563"}],"curies":[{"name":"wp","href":"https:\/\/api.w.org\/{rel}","templated":true}]}}