{"id":6632,"date":"2020-08-27T14:47:13","date_gmt":"2020-12-31T06:34:42","guid":{"rendered":"https:\/\/www.xn--abeula-ywa.com\/producto\/after-party-pack\/"},"modified":"2025-12-02T12:15:59","modified_gmt":"2025-12-02T11:15:59","slug":"after-party-pack","status":"publish","type":"product","link":"https:\/\/www.xn--abeula-ywa.com\/en\/product\/after-party-pack\/","title":{"rendered":"Care and beautify Pack"},"content":{"rendered":"<h3>CONTAINS<\/h3>\n<p>After Party Pack contains two Relax Ab\u00e9\u00f1ula, to take care of your eyelashes and one Ab\u00e9\u00f1ula Eyeshadow size 4,5 gr (color to choose).<\/p>\n<p>&nbsp;<\/p>\n","protected":false},"excerpt":{"rendered":"<p>The After Party Pack is a set of three products for the care and beauty of your eyes. Contains:<\/p>\n<ul>\n<li>1 Ab\u00e9\u00f1ula Eyeshadow 4,5gr (color to choose)<\/li>\n<li>2 Relax Ab\u00e9\u00f1ula<\/li>\n<\/ul>\n<p>You can choose between the following color for your Ab\u00e9\u00f1ula Eyeshadow 4,5 gr: white, grey, brown, green and blue.<\/p>\n","protected":false},"featured_media":13339,"comment_status":"open","ping_status":"closed","template":"","meta":{"_et_pb_use_builder":"","_et_pb_old_content":"","_et_gb_content_width":""},"product_brand":[],"product_cat":[400,252],"product_tag":[262,264,304,295,284,285,280,279,291],"class_list":{"0":"post-6632","1":"product","2":"type-product","3":"status-publish","4":"has-post-thumbnail","6":"product_cat-fixed-packs","7":"product_cat-packs-en","8":"product_tag-abenula-en","9":"product_tag-abenula-relax","10":"product_tag-eye-pencil","11":"product_tag-eyelashes-care","12":"product_tag-eyelashes-cream","13":"product_tag-eyelashes-treatment","14":"product_tag-healthy-eyelashes","15":"product_tag-long-eyelashes","16":"product_tag-relax","18":"first","19":"instock","20":"sale","21":"taxable","22":"shipping-taxable","23":"purchasable","24":"product-type-variable","25":"has-default-attributes"},"yoast_head":"<!-- This site is optimized with the Yoast SEO plugin v27.0 - https:\/\/yoast.com\/product\/yoast-seo-wordpress\/ -->\n<title>Care and beautify Pack - AB\u00c9\u00d1ULA FROM LABORATORIOS NICOLICH<\/title>\n<meta name=\"description\" content=\"After Party Pack contains one Ab\u00e9\u00f1ula Eyeshadow size 4,5 gr (color to choose) and twot Relax Ab\u00e9\u00f1ula, to take care of your eyelashes.\" \/>\n<meta name=\"robots\" content=\"index, follow, max-snippet:-1, max-image-preview:large, max-video-preview:-1\" \/>\n<link rel=\"canonical\" href=\"https:\/\/www.xn--abeula-ywa.com\/en\/product\/after-party-pack\/\" \/>\n<meta property=\"og:locale\" content=\"en_US\" \/>\n<meta property=\"og:type\" content=\"article\" \/>\n<meta property=\"og:title\" content=\"Care and beautify Pack - AB\u00c9\u00d1ULA FROM LABORATORIOS NICOLICH\" \/>\n<meta property=\"og:description\" content=\"After Party Pack contains one Ab\u00e9\u00f1ula Eyeshadow size 4,5 gr (color to choose) and twot Relax Ab\u00e9\u00f1ula, to take care of your eyelashes.\" \/>\n<meta property=\"og:url\" content=\"https:\/\/www.xn--abeula-ywa.com\/en\/product\/after-party-pack\/\" \/>\n<meta property=\"og:site_name\" content=\"AB\u00c9\u00d1ULA FROM LABORATORIOS NICOLICH\" \/>\n<meta property=\"article:modified_time\" content=\"2025-12-02T11:15:59+00:00\" \/>\n<meta property=\"og:image\" content=\"https:\/\/www.xn--abeula-ywa.com\/wp-content\/uploads\/2024\/05\/Pack-After-Party.png\" \/>\n\t<meta property=\"og:image:width\" content=\"580\" \/>\n\t<meta property=\"og:image:height\" content=\"620\" \/>\n\t<meta property=\"og:image:type\" content=\"image\/png\" \/>\n<meta name=\"twitter:card\" content=\"summary_large_image\" \/>\n<script type=\"application\/ld+json\" class=\"yoast-schema-graph\">{\"@context\":\"https:\/\/schema.org\",\"@graph\":[{\"@type\":\"WebPage\",\"@id\":\"https:\/\/www.xn--abeula-ywa.com\/en\/product\/after-party-pack\/\",\"url\":\"https:\/\/www.xn--abeula-ywa.com\/en\/product\/after-party-pack\/\",\"name\":\"Care and beautify Pack - AB\u00c9\u00d1ULA FROM LABORATORIOS NICOLICH\",\"isPartOf\":{\"@id\":\"https:\/\/www.xn--abeula-ywa.com\/en\/#website\"},\"primaryImageOfPage\":{\"@id\":\"https:\/\/www.xn--abeula-ywa.com\/en\/product\/after-party-pack\/#primaryimage\"},\"image\":{\"@id\":\"https:\/\/www.xn--abeula-ywa.com\/en\/product\/after-party-pack\/#primaryimage\"},\"thumbnailUrl\":\"https:\/\/www.xn--abeula-ywa.com\/wp-content\/uploads\/2024\/05\/Pack-After-Party.png\",\"datePublished\":\"2020-12-31T06:34:42+00:00\",\"dateModified\":\"2025-12-02T11:15:59+00:00\",\"description\":\"After Party Pack contains one Ab\u00e9\u00f1ula Eyeshadow size 4,5 gr (color to choose) and twot Relax Ab\u00e9\u00f1ula, to take care of your eyelashes.\",\"breadcrumb\":{\"@id\":\"https:\/\/www.xn--abeula-ywa.com\/en\/product\/after-party-pack\/#breadcrumb\"},\"inLanguage\":\"en-US\",\"potentialAction\":[{\"@type\":\"ReadAction\",\"target\":[\"https:\/\/www.xn--abeula-ywa.com\/en\/product\/after-party-pack\/\"]}]},{\"@type\":\"ImageObject\",\"inLanguage\":\"en-US\",\"@id\":\"https:\/\/www.xn--abeula-ywa.com\/en\/product\/after-party-pack\/#primaryimage\",\"url\":\"https:\/\/www.xn--abeula-ywa.com\/wp-content\/uploads\/2024\/05\/Pack-After-Party.png\",\"contentUrl\":\"https:\/\/www.xn--abeula-ywa.com\/wp-content\/uploads\/2024\/05\/Pack-After-Party.png\",\"width\":580,\"height\":620},{\"@type\":\"BreadcrumbList\",\"@id\":\"https:\/\/www.xn--abeula-ywa.com\/en\/product\/after-party-pack\/#breadcrumb\",\"itemListElement\":[{\"@type\":\"ListItem\",\"position\":1,\"name\":\"Cover\",\"item\":\"https:\/\/www.xn--abeula-ywa.com\/en\/\"},{\"@type\":\"ListItem\",\"position\":2,\"name\":\"Shop\",\"item\":\"https:\/\/www.xn--abeula-ywa.com\/en\/shop\/\"},{\"@type\":\"ListItem\",\"position\":3,\"name\":\"Care and beautify Pack\"}]},{\"@type\":\"WebSite\",\"@id\":\"https:\/\/www.xn--abeula-ywa.com\/en\/#website\",\"url\":\"https:\/\/www.xn--abeula-ywa.com\/en\/\",\"name\":\"AB\u00c9\u00d1ULA DE LABORATORIOS NICOLICH\",\"description\":\"Ab\u00e9\u00f1ula - life for your eyes\",\"potentialAction\":[{\"@type\":\"SearchAction\",\"target\":{\"@type\":\"EntryPoint\",\"urlTemplate\":\"https:\/\/www.xn--abeula-ywa.com\/en\/?s={search_term_string}\"},\"query-input\":{\"@type\":\"PropertyValueSpecification\",\"valueRequired\":true,\"valueName\":\"search_term_string\"}}],\"inLanguage\":\"en-US\"}]}<\/script>\n<!-- \/ Yoast SEO plugin. -->","yoast_head_json":{"title":"Care and beautify Pack - AB\u00c9\u00d1ULA FROM LABORATORIOS NICOLICH","description":"After Party Pack contains one Ab\u00e9\u00f1ula Eyeshadow size 4,5 gr (color to choose) and twot Relax Ab\u00e9\u00f1ula, to take care of your eyelashes.","robots":{"index":"index","follow":"follow","max-snippet":"max-snippet:-1","max-image-preview":"max-image-preview:large","max-video-preview":"max-video-preview:-1"},"canonical":"https:\/\/www.xn--abeula-ywa.com\/en\/product\/after-party-pack\/","og_locale":"en_US","og_type":"article","og_title":"Care and beautify Pack - AB\u00c9\u00d1ULA FROM LABORATORIOS NICOLICH","og_description":"After Party Pack contains one Ab\u00e9\u00f1ula Eyeshadow size 4,5 gr (color to choose) and twot Relax Ab\u00e9\u00f1ula, to take care of your eyelashes.","og_url":"https:\/\/www.xn--abeula-ywa.com\/en\/product\/after-party-pack\/","og_site_name":"AB\u00c9\u00d1ULA FROM LABORATORIOS NICOLICH","article_modified_time":"2025-12-02T11:15:59+00:00","og_image":[{"width":580,"height":620,"url":"https:\/\/www.xn--abeula-ywa.com\/wp-content\/uploads\/2024\/05\/Pack-After-Party.png","type":"image\/png"}],"twitter_card":"summary_large_image","schema":{"@context":"https:\/\/schema.org","@graph":[{"@type":"WebPage","@id":"https:\/\/www.xn--abeula-ywa.com\/en\/product\/after-party-pack\/","url":"https:\/\/www.xn--abeula-ywa.com\/en\/product\/after-party-pack\/","name":"Care and beautify Pack - AB\u00c9\u00d1ULA FROM LABORATORIOS NICOLICH","isPartOf":{"@id":"https:\/\/www.xn--abeula-ywa.com\/en\/#website"},"primaryImageOfPage":{"@id":"https:\/\/www.xn--abeula-ywa.com\/en\/product\/after-party-pack\/#primaryimage"},"image":{"@id":"https:\/\/www.xn--abeula-ywa.com\/en\/product\/after-party-pack\/#primaryimage"},"thumbnailUrl":"https:\/\/www.xn--abeula-ywa.com\/wp-content\/uploads\/2024\/05\/Pack-After-Party.png","datePublished":"2020-12-31T06:34:42+00:00","dateModified":"2025-12-02T11:15:59+00:00","description":"After Party Pack contains one Ab\u00e9\u00f1ula Eyeshadow size 4,5 gr (color to choose) and twot Relax Ab\u00e9\u00f1ula, to take care of your eyelashes.","breadcrumb":{"@id":"https:\/\/www.xn--abeula-ywa.com\/en\/product\/after-party-pack\/#breadcrumb"},"inLanguage":"en-US","potentialAction":[{"@type":"ReadAction","target":["https:\/\/www.xn--abeula-ywa.com\/en\/product\/after-party-pack\/"]}]},{"@type":"ImageObject","inLanguage":"en-US","@id":"https:\/\/www.xn--abeula-ywa.com\/en\/product\/after-party-pack\/#primaryimage","url":"https:\/\/www.xn--abeula-ywa.com\/wp-content\/uploads\/2024\/05\/Pack-After-Party.png","contentUrl":"https:\/\/www.xn--abeula-ywa.com\/wp-content\/uploads\/2024\/05\/Pack-After-Party.png","width":580,"height":620},{"@type":"BreadcrumbList","@id":"https:\/\/www.xn--abeula-ywa.com\/en\/product\/after-party-pack\/#breadcrumb","itemListElement":[{"@type":"ListItem","position":1,"name":"Cover","item":"https:\/\/www.xn--abeula-ywa.com\/en\/"},{"@type":"ListItem","position":2,"name":"Shop","item":"https:\/\/www.xn--abeula-ywa.com\/en\/shop\/"},{"@type":"ListItem","position":3,"name":"Care and beautify Pack"}]},{"@type":"WebSite","@id":"https:\/\/www.xn--abeula-ywa.com\/en\/#website","url":"https:\/\/www.xn--abeula-ywa.com\/en\/","name":"AB\u00c9\u00d1ULA DE LABORATORIOS NICOLICH","description":"Ab\u00e9\u00f1ula - life for your eyes","potentialAction":[{"@type":"SearchAction","target":{"@type":"EntryPoint","urlTemplate":"https:\/\/www.xn--abeula-ywa.com\/en\/?s={search_term_string}"},"query-input":{"@type":"PropertyValueSpecification","valueRequired":true,"valueName":"search_term_string"}}],"inLanguage":"en-US"}]}},"_links":{"self":[{"href":"https:\/\/www.xn--abeula-ywa.com\/en\/wp-json\/wp\/v2\/product\/6632","targetHints":{"allow":["GET"]}}],"collection":[{"href":"https:\/\/www.xn--abeula-ywa.com\/en\/wp-json\/wp\/v2\/product"}],"about":[{"href":"https:\/\/www.xn--abeula-ywa.com\/en\/wp-json\/wp\/v2\/types\/product"}],"replies":[{"embeddable":true,"href":"https:\/\/www.xn--abeula-ywa.com\/en\/wp-json\/wp\/v2\/comments?post=6632"}],"wp:featuredmedia":[{"embeddable":true,"href":"https:\/\/www.xn--abeula-ywa.com\/en\/wp-json\/wp\/v2\/media\/13339"}],"wp:attachment":[{"href":"https:\/\/www.xn--abeula-ywa.com\/en\/wp-json\/wp\/v2\/media?parent=6632"}],"wp:term":[{"taxonomy":"product_brand","embeddable":true,"href":"https:\/\/www.xn--abeula-ywa.com\/en\/wp-json\/wp\/v2\/product_brand?post=6632"},{"taxonomy":"product_cat","embeddable":true,"href":"https:\/\/www.xn--abeula-ywa.com\/en\/wp-json\/wp\/v2\/product_cat?post=6632"},{"taxonomy":"product_tag","embeddable":true,"href":"https:\/\/www.xn--abeula-ywa.com\/en\/wp-json\/wp\/v2\/product_tag?post=6632"}],"curies":[{"name":"wp","href":"https:\/\/api.w.org\/{rel}","templated":true}]}}