{"id":6634,"date":"2020-08-27T14:47:13","date_gmt":"2020-12-31T06:56:05","guid":{"rendered":"https:\/\/www.xn--abeula-ywa.com\/producto\/double-look-pack\/"},"modified":"2025-12-02T12:15:59","modified_gmt":"2025-12-02T11:15:59","slug":"double-look-pack","status":"publish","type":"product","link":"https:\/\/www.xn--abeula-ywa.com\/en\/product\/double-look-pack\/","title":{"rendered":"Double Look Pack"},"content":{"rendered":"<h3>CONTAINS<\/h3>\n<p>Pack Double Look contains two Hypoallergenic Eye pencils (colors to choose) and two Ab\u00e9\u00f1ula Eyeshadow size 2 gr (colors to choose).<\/p>\n","protected":false},"excerpt":{"rendered":"<p>The Double Look Pack is a set of four products for the care and beauty and your eyes. Contains:<\/p>\n<ul>\n<li>2 Hypoallergenic Eye Pencils (colors to choose)<\/li>\n<li>2 Ab\u00e9\u00f1ula Eyeshadow size 2gr (colors to choose)<\/li>\n<\/ul>\n<p>You can choose from the following colors: white, grey, black, brown, sky-blue and green; for your ab\u00e9\u00f1ula eyeshadow and hypoallergenic eye pencil.<\/p>\n<p>&nbsp;<\/p>\n","protected":false},"featured_media":13343,"comment_status":"open","ping_status":"closed","template":"","meta":{"_et_pb_use_builder":"on","_et_pb_old_content":"<h3>CONTAINS<\/h3>\nPack Double Look contains two Hypoallergenic Eye pencils (colors to choose) and two Ab\u00e9\u00f1ula Eyeshadow size 2 gr (colors to choose).","_et_gb_content_width":""},"product_brand":[],"product_cat":[400,252],"product_tag":[262,304,295,284,285,280,296,279],"class_list":{"0":"post-6634","1":"product","2":"type-product","3":"status-publish","4":"has-post-thumbnail","6":"product_cat-fixed-packs","7":"product_cat-packs-en","8":"product_tag-abenula-en","9":"product_tag-eye-pencil","10":"product_tag-eyelashes-care","11":"product_tag-eyelashes-cream","12":"product_tag-eyelashes-treatment","13":"product_tag-healthy-eyelashes","14":"product_tag-hypoallergenic","15":"product_tag-long-eyelashes","17":"first","18":"instock","19":"sale","20":"taxable","21":"shipping-taxable","22":"purchasable","23":"product-type-variable"},"yoast_head":"<!-- This site is optimized with the Yoast SEO plugin v27.0 - https:\/\/yoast.com\/product\/yoast-seo-wordpress\/ -->\n<title>Double Look Pack - AB\u00c9\u00d1ULA FROM LABORATORIOS NICOLICH<\/title>\n<meta name=\"description\" content=\"Pack Double Look contains two Hypoallergenic Eye Pencils and two Ab\u00e9\u00f1ula Eyeshadows size 2 gr. You can choose the color you like for each product.\" \/>\n<meta name=\"robots\" content=\"index, follow, max-snippet:-1, max-image-preview:large, max-video-preview:-1\" \/>\n<link rel=\"canonical\" href=\"https:\/\/www.xn--abeula-ywa.com\/en\/product\/double-look-pack\/\" \/>\n<meta property=\"og:locale\" content=\"en_US\" \/>\n<meta property=\"og:type\" content=\"article\" \/>\n<meta property=\"og:title\" content=\"Double Look Pack - AB\u00c9\u00d1ULA FROM LABORATORIOS NICOLICH\" \/>\n<meta property=\"og:description\" content=\"Pack Double Look contains two Hypoallergenic Eye Pencils and two Ab\u00e9\u00f1ula Eyeshadows size 2 gr. You can choose the color you like for each product.\" \/>\n<meta property=\"og:url\" content=\"https:\/\/www.xn--abeula-ywa.com\/en\/product\/double-look-pack\/\" \/>\n<meta property=\"og:site_name\" content=\"AB\u00c9\u00d1ULA FROM LABORATORIOS NICOLICH\" \/>\n<meta property=\"article:modified_time\" content=\"2025-12-02T11:15:59+00:00\" \/>\n<meta property=\"og:image\" content=\"https:\/\/www.xn--abeula-ywa.com\/wp-content\/uploads\/2024\/05\/Pack-Doble-look.png\" \/>\n\t<meta property=\"og:image:width\" content=\"580\" \/>\n\t<meta property=\"og:image:height\" content=\"620\" \/>\n\t<meta property=\"og:image:type\" content=\"image\/png\" \/>\n<meta name=\"twitter:card\" content=\"summary_large_image\" \/>\n<script type=\"application\/ld+json\" class=\"yoast-schema-graph\">{\"@context\":\"https:\/\/schema.org\",\"@graph\":[{\"@type\":\"WebPage\",\"@id\":\"https:\/\/www.xn--abeula-ywa.com\/en\/product\/double-look-pack\/\",\"url\":\"https:\/\/www.xn--abeula-ywa.com\/en\/product\/double-look-pack\/\",\"name\":\"Double Look Pack - AB\u00c9\u00d1ULA FROM LABORATORIOS NICOLICH\",\"isPartOf\":{\"@id\":\"https:\/\/www.xn--abeula-ywa.com\/en\/#website\"},\"primaryImageOfPage\":{\"@id\":\"https:\/\/www.xn--abeula-ywa.com\/en\/product\/double-look-pack\/#primaryimage\"},\"image\":{\"@id\":\"https:\/\/www.xn--abeula-ywa.com\/en\/product\/double-look-pack\/#primaryimage\"},\"thumbnailUrl\":\"https:\/\/www.xn--abeula-ywa.com\/wp-content\/uploads\/2024\/05\/Pack-Doble-look.png\",\"datePublished\":\"2020-12-31T06:56:05+00:00\",\"dateModified\":\"2025-12-02T11:15:59+00:00\",\"description\":\"Pack Double Look contains two Hypoallergenic Eye Pencils and two Ab\u00e9\u00f1ula Eyeshadows size 2 gr. You can choose the color you like for each product.\",\"breadcrumb\":{\"@id\":\"https:\/\/www.xn--abeula-ywa.com\/en\/product\/double-look-pack\/#breadcrumb\"},\"inLanguage\":\"en-US\",\"potentialAction\":[{\"@type\":\"ReadAction\",\"target\":[\"https:\/\/www.xn--abeula-ywa.com\/en\/product\/double-look-pack\/\"]}]},{\"@type\":\"ImageObject\",\"inLanguage\":\"en-US\",\"@id\":\"https:\/\/www.xn--abeula-ywa.com\/en\/product\/double-look-pack\/#primaryimage\",\"url\":\"https:\/\/www.xn--abeula-ywa.com\/wp-content\/uploads\/2024\/05\/Pack-Doble-look.png\",\"contentUrl\":\"https:\/\/www.xn--abeula-ywa.com\/wp-content\/uploads\/2024\/05\/Pack-Doble-look.png\",\"width\":580,\"height\":620},{\"@type\":\"BreadcrumbList\",\"@id\":\"https:\/\/www.xn--abeula-ywa.com\/en\/product\/double-look-pack\/#breadcrumb\",\"itemListElement\":[{\"@type\":\"ListItem\",\"position\":1,\"name\":\"Cover\",\"item\":\"https:\/\/www.xn--abeula-ywa.com\/en\/\"},{\"@type\":\"ListItem\",\"position\":2,\"name\":\"Shop\",\"item\":\"https:\/\/www.xn--abeula-ywa.com\/en\/shop\/\"},{\"@type\":\"ListItem\",\"position\":3,\"name\":\"Double Look Pack\"}]},{\"@type\":\"WebSite\",\"@id\":\"https:\/\/www.xn--abeula-ywa.com\/en\/#website\",\"url\":\"https:\/\/www.xn--abeula-ywa.com\/en\/\",\"name\":\"AB\u00c9\u00d1ULA DE LABORATORIOS NICOLICH\",\"description\":\"Ab\u00e9\u00f1ula - life for your eyes\",\"potentialAction\":[{\"@type\":\"SearchAction\",\"target\":{\"@type\":\"EntryPoint\",\"urlTemplate\":\"https:\/\/www.xn--abeula-ywa.com\/en\/?s={search_term_string}\"},\"query-input\":{\"@type\":\"PropertyValueSpecification\",\"valueRequired\":true,\"valueName\":\"search_term_string\"}}],\"inLanguage\":\"en-US\"}]}<\/script>\n<!-- \/ Yoast SEO plugin. -->","yoast_head_json":{"title":"Double Look Pack - AB\u00c9\u00d1ULA FROM LABORATORIOS NICOLICH","description":"Pack Double Look contains two Hypoallergenic Eye Pencils and two Ab\u00e9\u00f1ula Eyeshadows size 2 gr. You can choose the color you like for each product.","robots":{"index":"index","follow":"follow","max-snippet":"max-snippet:-1","max-image-preview":"max-image-preview:large","max-video-preview":"max-video-preview:-1"},"canonical":"https:\/\/www.xn--abeula-ywa.com\/en\/product\/double-look-pack\/","og_locale":"en_US","og_type":"article","og_title":"Double Look Pack - AB\u00c9\u00d1ULA FROM LABORATORIOS NICOLICH","og_description":"Pack Double Look contains two Hypoallergenic Eye Pencils and two Ab\u00e9\u00f1ula Eyeshadows size 2 gr. You can choose the color you like for each product.","og_url":"https:\/\/www.xn--abeula-ywa.com\/en\/product\/double-look-pack\/","og_site_name":"AB\u00c9\u00d1ULA FROM LABORATORIOS NICOLICH","article_modified_time":"2025-12-02T11:15:59+00:00","og_image":[{"width":580,"height":620,"url":"https:\/\/www.xn--abeula-ywa.com\/wp-content\/uploads\/2024\/05\/Pack-Doble-look.png","type":"image\/png"}],"twitter_card":"summary_large_image","schema":{"@context":"https:\/\/schema.org","@graph":[{"@type":"WebPage","@id":"https:\/\/www.xn--abeula-ywa.com\/en\/product\/double-look-pack\/","url":"https:\/\/www.xn--abeula-ywa.com\/en\/product\/double-look-pack\/","name":"Double Look Pack - AB\u00c9\u00d1ULA FROM LABORATORIOS NICOLICH","isPartOf":{"@id":"https:\/\/www.xn--abeula-ywa.com\/en\/#website"},"primaryImageOfPage":{"@id":"https:\/\/www.xn--abeula-ywa.com\/en\/product\/double-look-pack\/#primaryimage"},"image":{"@id":"https:\/\/www.xn--abeula-ywa.com\/en\/product\/double-look-pack\/#primaryimage"},"thumbnailUrl":"https:\/\/www.xn--abeula-ywa.com\/wp-content\/uploads\/2024\/05\/Pack-Doble-look.png","datePublished":"2020-12-31T06:56:05+00:00","dateModified":"2025-12-02T11:15:59+00:00","description":"Pack Double Look contains two Hypoallergenic Eye Pencils and two Ab\u00e9\u00f1ula Eyeshadows size 2 gr. You can choose the color you like for each product.","breadcrumb":{"@id":"https:\/\/www.xn--abeula-ywa.com\/en\/product\/double-look-pack\/#breadcrumb"},"inLanguage":"en-US","potentialAction":[{"@type":"ReadAction","target":["https:\/\/www.xn--abeula-ywa.com\/en\/product\/double-look-pack\/"]}]},{"@type":"ImageObject","inLanguage":"en-US","@id":"https:\/\/www.xn--abeula-ywa.com\/en\/product\/double-look-pack\/#primaryimage","url":"https:\/\/www.xn--abeula-ywa.com\/wp-content\/uploads\/2024\/05\/Pack-Doble-look.png","contentUrl":"https:\/\/www.xn--abeula-ywa.com\/wp-content\/uploads\/2024\/05\/Pack-Doble-look.png","width":580,"height":620},{"@type":"BreadcrumbList","@id":"https:\/\/www.xn--abeula-ywa.com\/en\/product\/double-look-pack\/#breadcrumb","itemListElement":[{"@type":"ListItem","position":1,"name":"Cover","item":"https:\/\/www.xn--abeula-ywa.com\/en\/"},{"@type":"ListItem","position":2,"name":"Shop","item":"https:\/\/www.xn--abeula-ywa.com\/en\/shop\/"},{"@type":"ListItem","position":3,"name":"Double Look Pack"}]},{"@type":"WebSite","@id":"https:\/\/www.xn--abeula-ywa.com\/en\/#website","url":"https:\/\/www.xn--abeula-ywa.com\/en\/","name":"AB\u00c9\u00d1ULA DE LABORATORIOS NICOLICH","description":"Ab\u00e9\u00f1ula - life for your eyes","potentialAction":[{"@type":"SearchAction","target":{"@type":"EntryPoint","urlTemplate":"https:\/\/www.xn--abeula-ywa.com\/en\/?s={search_term_string}"},"query-input":{"@type":"PropertyValueSpecification","valueRequired":true,"valueName":"search_term_string"}}],"inLanguage":"en-US"}]}},"_links":{"self":[{"href":"https:\/\/www.xn--abeula-ywa.com\/en\/wp-json\/wp\/v2\/product\/6634","targetHints":{"allow":["GET"]}}],"collection":[{"href":"https:\/\/www.xn--abeula-ywa.com\/en\/wp-json\/wp\/v2\/product"}],"about":[{"href":"https:\/\/www.xn--abeula-ywa.com\/en\/wp-json\/wp\/v2\/types\/product"}],"replies":[{"embeddable":true,"href":"https:\/\/www.xn--abeula-ywa.com\/en\/wp-json\/wp\/v2\/comments?post=6634"}],"wp:featuredmedia":[{"embeddable":true,"href":"https:\/\/www.xn--abeula-ywa.com\/en\/wp-json\/wp\/v2\/media\/13343"}],"wp:attachment":[{"href":"https:\/\/www.xn--abeula-ywa.com\/en\/wp-json\/wp\/v2\/media?parent=6634"}],"wp:term":[{"taxonomy":"product_brand","embeddable":true,"href":"https:\/\/www.xn--abeula-ywa.com\/en\/wp-json\/wp\/v2\/product_brand?post=6634"},{"taxonomy":"product_cat","embeddable":true,"href":"https:\/\/www.xn--abeula-ywa.com\/en\/wp-json\/wp\/v2\/product_cat?post=6634"},{"taxonomy":"product_tag","embeddable":true,"href":"https:\/\/www.xn--abeula-ywa.com\/en\/wp-json\/wp\/v2\/product_tag?post=6634"}],"curies":[{"name":"wp","href":"https:\/\/api.w.org\/{rel}","templated":true}]}}