{"id":6638,"date":"2020-08-27T14:47:21","date_gmt":"2020-12-31T07:47:16","guid":{"rendered":"https:\/\/www.xn--abeula-ywa.com\/producto\/essentials-pack\/"},"modified":"2025-12-02T12:15:58","modified_gmt":"2025-12-02T11:15:58","slug":"essentials-pack","status":"publish","type":"product","link":"https:\/\/www.xn--abeula-ywa.com\/en\/product\/essentials-pack\/","title":{"rendered":"Essence pack"},"content":{"rendered":"<h3>CONTAINS<\/h3>\n<p>Essentials Pack contains one Ab\u00e9\u00f1ula Eyelashes Treatment (size 4,5 gr), one Relax Ab\u00e9\u00f1ula (4,5 gr) and on Facial Sunscreen SPF 50 (choose between with or without color)<\/p>\n","protected":false},"excerpt":{"rendered":"<p>Essentials Pack is a set of three products for the care and beauty of your eyes and facial skin. Contains:<\/p>\n<ul>\n<li>1 Facial Sunscreen SPF 50 (transparent or with skin-tone)<\/li>\n<li>1 Ab\u00e9\u00f1ula Eyelashes Treatment<\/li>\n<li>1 Relax Ab\u00e9\u00f1ula<\/li>\n<\/ul>\n","protected":false},"featured_media":14761,"comment_status":"open","ping_status":"closed","template":"","meta":{"_et_pb_use_builder":"","_et_pb_old_content":"","_et_gb_content_width":""},"product_brand":[],"product_cat":[400,252],"product_tag":[262,293,273,274,292,275,294],"class_list":{"0":"post-6638","1":"product","2":"type-product","3":"status-publish","4":"has-post-thumbnail","6":"product_cat-fixed-packs","7":"product_cat-packs-en","8":"product_tag-abenula-en","9":"product_tag-facial-sunscreen-en","10":"product_tag-facial-sunscreen","11":"product_tag-facial-sunscreen-abenula","12":"product_tag-facial-sunscreen-with-color","13":"product_tag-facial-sunscreen-with-color-abenula","14":"product_tag-sunscreen-with-color","16":"first","17":"instock","18":"sale","19":"taxable","20":"shipping-taxable","21":"purchasable","22":"product-type-variable","23":"has-default-attributes"},"yoast_head":"<!-- This site is optimized with the Yoast SEO plugin v27.0 - https:\/\/yoast.com\/product\/yoast-seo-wordpress\/ -->\n<title>Essence pack - AB\u00c9\u00d1ULA FROM LABORATORIOS NICOLICH<\/title>\n<meta name=\"description\" content=\"Essentials Pack contains one Ab\u00e9\u00f1ula Eyelashes Treatment (size 4,5 gr), one Relax Ab\u00e9\u00f1ula (4,5 gr) and on Facial Sunscreen SPF 50 (with or without color)\" \/>\n<meta name=\"robots\" content=\"index, follow, max-snippet:-1, max-image-preview:large, max-video-preview:-1\" \/>\n<link rel=\"canonical\" href=\"https:\/\/www.xn--abeula-ywa.com\/en\/product\/essentials-pack\/\" \/>\n<meta property=\"og:locale\" content=\"en_US\" \/>\n<meta property=\"og:type\" content=\"article\" \/>\n<meta property=\"og:title\" content=\"Essence pack - AB\u00c9\u00d1ULA FROM LABORATORIOS NICOLICH\" \/>\n<meta property=\"og:description\" content=\"Essentials Pack contains one Ab\u00e9\u00f1ula Eyelashes Treatment (size 4,5 gr), one Relax Ab\u00e9\u00f1ula (4,5 gr) and on Facial Sunscreen SPF 50 (with or without color)\" \/>\n<meta property=\"og:url\" content=\"https:\/\/www.xn--abeula-ywa.com\/en\/product\/essentials-pack\/\" \/>\n<meta property=\"og:site_name\" content=\"AB\u00c9\u00d1ULA FROM LABORATORIOS NICOLICH\" \/>\n<meta property=\"article:modified_time\" content=\"2025-12-02T11:15:58+00:00\" \/>\n<meta property=\"og:image\" content=\"https:\/\/www.xn--abeula-ywa.com\/wp-content\/uploads\/2024\/05\/Pack-Esenciales.png\" \/>\n\t<meta property=\"og:image:width\" content=\"580\" \/>\n\t<meta property=\"og:image:height\" content=\"620\" \/>\n\t<meta property=\"og:image:type\" content=\"image\/png\" \/>\n<meta name=\"twitter:card\" content=\"summary_large_image\" \/>\n<script type=\"application\/ld+json\" class=\"yoast-schema-graph\">{\"@context\":\"https:\/\/schema.org\",\"@graph\":[{\"@type\":\"WebPage\",\"@id\":\"https:\/\/www.xn--abeula-ywa.com\/en\/product\/essentials-pack\/\",\"url\":\"https:\/\/www.xn--abeula-ywa.com\/en\/product\/essentials-pack\/\",\"name\":\"Essence pack - AB\u00c9\u00d1ULA FROM LABORATORIOS NICOLICH\",\"isPartOf\":{\"@id\":\"https:\/\/www.xn--abeula-ywa.com\/en\/#website\"},\"primaryImageOfPage\":{\"@id\":\"https:\/\/www.xn--abeula-ywa.com\/en\/product\/essentials-pack\/#primaryimage\"},\"image\":{\"@id\":\"https:\/\/www.xn--abeula-ywa.com\/en\/product\/essentials-pack\/#primaryimage\"},\"thumbnailUrl\":\"https:\/\/www.xn--abeula-ywa.com\/wp-content\/uploads\/2020\/08\/Pack-Esenciales.jpg\",\"datePublished\":\"2020-12-31T07:47:16+00:00\",\"dateModified\":\"2025-12-02T11:15:58+00:00\",\"description\":\"Essentials Pack contains one Ab\u00e9\u00f1ula Eyelashes Treatment (size 4,5 gr), one Relax Ab\u00e9\u00f1ula (4,5 gr) and on Facial Sunscreen SPF 50 (with or without color)\",\"breadcrumb\":{\"@id\":\"https:\/\/www.xn--abeula-ywa.com\/en\/product\/essentials-pack\/#breadcrumb\"},\"inLanguage\":\"en-US\",\"potentialAction\":[{\"@type\":\"ReadAction\",\"target\":[\"https:\/\/www.xn--abeula-ywa.com\/en\/product\/essentials-pack\/\"]}]},{\"@type\":\"ImageObject\",\"inLanguage\":\"en-US\",\"@id\":\"https:\/\/www.xn--abeula-ywa.com\/en\/product\/essentials-pack\/#primaryimage\",\"url\":\"https:\/\/www.xn--abeula-ywa.com\/wp-content\/uploads\/2020\/08\/Pack-Esenciales.jpg\",\"contentUrl\":\"https:\/\/www.xn--abeula-ywa.com\/wp-content\/uploads\/2020\/08\/Pack-Esenciales.jpg\",\"width\":580,\"height\":620,\"caption\":\"Pack Esenciales\"},{\"@type\":\"BreadcrumbList\",\"@id\":\"https:\/\/www.xn--abeula-ywa.com\/en\/product\/essentials-pack\/#breadcrumb\",\"itemListElement\":[{\"@type\":\"ListItem\",\"position\":1,\"name\":\"Cover\",\"item\":\"https:\/\/www.xn--abeula-ywa.com\/en\/\"},{\"@type\":\"ListItem\",\"position\":2,\"name\":\"Shop\",\"item\":\"https:\/\/www.xn--abeula-ywa.com\/en\/shop\/\"},{\"@type\":\"ListItem\",\"position\":3,\"name\":\"Essence pack\"}]},{\"@type\":\"WebSite\",\"@id\":\"https:\/\/www.xn--abeula-ywa.com\/en\/#website\",\"url\":\"https:\/\/www.xn--abeula-ywa.com\/en\/\",\"name\":\"AB\u00c9\u00d1ULA DE LABORATORIOS NICOLICH\",\"description\":\"Ab\u00e9\u00f1ula - life for your eyes\",\"potentialAction\":[{\"@type\":\"SearchAction\",\"target\":{\"@type\":\"EntryPoint\",\"urlTemplate\":\"https:\/\/www.xn--abeula-ywa.com\/en\/?s={search_term_string}\"},\"query-input\":{\"@type\":\"PropertyValueSpecification\",\"valueRequired\":true,\"valueName\":\"search_term_string\"}}],\"inLanguage\":\"en-US\"}]}<\/script>\n<!-- \/ Yoast SEO plugin. -->","yoast_head_json":{"title":"Essence pack - AB\u00c9\u00d1ULA FROM LABORATORIOS NICOLICH","description":"Essentials Pack contains one Ab\u00e9\u00f1ula Eyelashes Treatment (size 4,5 gr), one Relax Ab\u00e9\u00f1ula (4,5 gr) and on Facial Sunscreen SPF 50 (with or without color)","robots":{"index":"index","follow":"follow","max-snippet":"max-snippet:-1","max-image-preview":"max-image-preview:large","max-video-preview":"max-video-preview:-1"},"canonical":"https:\/\/www.xn--abeula-ywa.com\/en\/product\/essentials-pack\/","og_locale":"en_US","og_type":"article","og_title":"Essence pack - AB\u00c9\u00d1ULA FROM LABORATORIOS NICOLICH","og_description":"Essentials Pack contains one Ab\u00e9\u00f1ula Eyelashes Treatment (size 4,5 gr), one Relax Ab\u00e9\u00f1ula (4,5 gr) and on Facial Sunscreen SPF 50 (with or without color)","og_url":"https:\/\/www.xn--abeula-ywa.com\/en\/product\/essentials-pack\/","og_site_name":"AB\u00c9\u00d1ULA FROM LABORATORIOS NICOLICH","article_modified_time":"2025-12-02T11:15:58+00:00","og_image":[{"width":580,"height":620,"url":"https:\/\/www.xn--abeula-ywa.com\/wp-content\/uploads\/2024\/05\/Pack-Esenciales.png","type":"image\/png"}],"twitter_card":"summary_large_image","schema":{"@context":"https:\/\/schema.org","@graph":[{"@type":"WebPage","@id":"https:\/\/www.xn--abeula-ywa.com\/en\/product\/essentials-pack\/","url":"https:\/\/www.xn--abeula-ywa.com\/en\/product\/essentials-pack\/","name":"Essence pack - AB\u00c9\u00d1ULA FROM LABORATORIOS NICOLICH","isPartOf":{"@id":"https:\/\/www.xn--abeula-ywa.com\/en\/#website"},"primaryImageOfPage":{"@id":"https:\/\/www.xn--abeula-ywa.com\/en\/product\/essentials-pack\/#primaryimage"},"image":{"@id":"https:\/\/www.xn--abeula-ywa.com\/en\/product\/essentials-pack\/#primaryimage"},"thumbnailUrl":"https:\/\/www.xn--abeula-ywa.com\/wp-content\/uploads\/2020\/08\/Pack-Esenciales.jpg","datePublished":"2020-12-31T07:47:16+00:00","dateModified":"2025-12-02T11:15:58+00:00","description":"Essentials Pack contains one Ab\u00e9\u00f1ula Eyelashes Treatment (size 4,5 gr), one Relax Ab\u00e9\u00f1ula (4,5 gr) and on Facial Sunscreen SPF 50 (with or without color)","breadcrumb":{"@id":"https:\/\/www.xn--abeula-ywa.com\/en\/product\/essentials-pack\/#breadcrumb"},"inLanguage":"en-US","potentialAction":[{"@type":"ReadAction","target":["https:\/\/www.xn--abeula-ywa.com\/en\/product\/essentials-pack\/"]}]},{"@type":"ImageObject","inLanguage":"en-US","@id":"https:\/\/www.xn--abeula-ywa.com\/en\/product\/essentials-pack\/#primaryimage","url":"https:\/\/www.xn--abeula-ywa.com\/wp-content\/uploads\/2020\/08\/Pack-Esenciales.jpg","contentUrl":"https:\/\/www.xn--abeula-ywa.com\/wp-content\/uploads\/2020\/08\/Pack-Esenciales.jpg","width":580,"height":620,"caption":"Pack Esenciales"},{"@type":"BreadcrumbList","@id":"https:\/\/www.xn--abeula-ywa.com\/en\/product\/essentials-pack\/#breadcrumb","itemListElement":[{"@type":"ListItem","position":1,"name":"Cover","item":"https:\/\/www.xn--abeula-ywa.com\/en\/"},{"@type":"ListItem","position":2,"name":"Shop","item":"https:\/\/www.xn--abeula-ywa.com\/en\/shop\/"},{"@type":"ListItem","position":3,"name":"Essence pack"}]},{"@type":"WebSite","@id":"https:\/\/www.xn--abeula-ywa.com\/en\/#website","url":"https:\/\/www.xn--abeula-ywa.com\/en\/","name":"AB\u00c9\u00d1ULA DE LABORATORIOS NICOLICH","description":"Ab\u00e9\u00f1ula - life for your eyes","potentialAction":[{"@type":"SearchAction","target":{"@type":"EntryPoint","urlTemplate":"https:\/\/www.xn--abeula-ywa.com\/en\/?s={search_term_string}"},"query-input":{"@type":"PropertyValueSpecification","valueRequired":true,"valueName":"search_term_string"}}],"inLanguage":"en-US"}]}},"_links":{"self":[{"href":"https:\/\/www.xn--abeula-ywa.com\/en\/wp-json\/wp\/v2\/product\/6638","targetHints":{"allow":["GET"]}}],"collection":[{"href":"https:\/\/www.xn--abeula-ywa.com\/en\/wp-json\/wp\/v2\/product"}],"about":[{"href":"https:\/\/www.xn--abeula-ywa.com\/en\/wp-json\/wp\/v2\/types\/product"}],"replies":[{"embeddable":true,"href":"https:\/\/www.xn--abeula-ywa.com\/en\/wp-json\/wp\/v2\/comments?post=6638"}],"wp:featuredmedia":[{"embeddable":true,"href":"https:\/\/www.xn--abeula-ywa.com\/en\/wp-json\/wp\/v2\/media\/14761"}],"wp:attachment":[{"href":"https:\/\/www.xn--abeula-ywa.com\/en\/wp-json\/wp\/v2\/media?parent=6638"}],"wp:term":[{"taxonomy":"product_brand","embeddable":true,"href":"https:\/\/www.xn--abeula-ywa.com\/en\/wp-json\/wp\/v2\/product_brand?post=6638"},{"taxonomy":"product_cat","embeddable":true,"href":"https:\/\/www.xn--abeula-ywa.com\/en\/wp-json\/wp\/v2\/product_cat?post=6638"},{"taxonomy":"product_tag","embeddable":true,"href":"https:\/\/www.xn--abeula-ywa.com\/en\/wp-json\/wp\/v2\/product_tag?post=6638"}],"curies":[{"name":"wp","href":"https:\/\/api.w.org\/{rel}","templated":true}]}}